{"id":14820,"date":"2018-01-17T06:54:45","date_gmt":"2018-01-17T11:54:45","guid":{"rendered":"https:\/\/www.culturandesperu.com\/?page_id=14820"},"modified":"2018-02-08T15:17:11","modified_gmt":"2018-02-08T20:17:11","slug":"carolina-kupzcak-deutschland","status":"publish","type":"page","link":"https:\/\/www.culturandesperu.com\/es\/testimonios\/carolina-kupzcak-deutschland\/","title":{"rendered":"Carolina Kupzcak &#8211; Deutschland"},"content":{"rendered":"[vc_row tz_row_type=&#8221;grid&#8221;][vc_column][vc_row_inner][vc_column_inner el_class=&#8221;tz-title-about&#8221; css=&#8221;.vc_custom_1498465264493{padding-right: 0px !important;padding-left: 0px !important;}&#8221;][vc_column_text css=&#8221;.vc_custom_1516019546230{margin-bottom: 21px !important;}&#8221;]\n<h2 style=\"text-align: center;\"><span class=\"ez-toc-section\" id=\"Carolina_Kupzcak_-_Deutschland\"><\/span>Carolina Kupzcak &#8211; Deutschland<span class=\"ez-toc-section-end\"><\/span><\/h2>\n[\/vc_column_text][\/vc_column_inner][\/vc_row_inner][vc_row_inner css=&#8221;.vc_custom_1516017178605{margin-top: 39px !important;}&#8221;][vc_column_inner el_class=&#8221;tz-about-container&#8221; width=&#8221;2\/3&#8243; css=&#8221;.vc_custom_1516017302524{padding-right: 0px !important;padding-left: 0px !important;}&#8221;][vc_column_text]\n<p style=\"text-align: justify;\">Peru Reisebericht &#8211; Im Land der Inkas<\/p>\n<p style=\"text-align: justify;\">F\u00fcr 6 Wochen nach Peru &#8211; das erste Mal in Lateinamerika, um Spanisch zu lernen und ein v\u00f6llig neues Land kennenzulernen.\u00a0 Im M\u00e4rz 2016 bin ich alleine verreist.<\/p>\n<p style=\"text-align: justify;\">Nach meinem Abitur wollte ich unbedingt \u00a0nach Peru reisen und dort Spanisch lernen!. Ich hatte gro\u00dfe Angst, denn ich reiste alleine und ohne Spanischkenntnisse.<\/p>\n<p style=\"text-align: justify;\">Nach ausf\u00fchrlicher Lekt\u00fcre verschieder B\u00fccher \u00fcber Peru und dessen St\u00e4dte wie Lima, Cuzco, Arequipa, Puno, usw. war ich bestens ger\u00fcstet und vorbereitet f\u00fcr eine Peru-Reise.<\/p>\n<p style=\"text-align: justify;\">Wie wohl f\u00fcr die meisten Touristen begann ich meine\u00a0 Rundreise in\u00a0 Lima, der Hauptstadt von Peru. Dort kontaktierte ich Milagros Polo, die Inhaberin von CulturAndes, einem sehr gut organsiertem Reiseb\u00fcro. Auch ihre Preise entsprachen meinem Studenten-Budget.<\/p>\n<p style=\"text-align: justify;\">Die Mitarbeiter von CulturAndes waren immer f\u00fcr mich da. Alle sprachen Englisch oder Deutsch und die Reisef\u00fchrer waren stets p\u00fcnktlich und immer hilfsbereit. Ich kann CulturAndes nur von Herzen empfehlen!<\/p>\n<p style=\"text-align: justify;\">Was mich an Peru am meisten beeindruckte, waren die netten und hilfsbereiten Einheimischen. In Peru ist es sehr empfehlenswert, Cuzco mit dem Machu Picchu, Lima (unbedingt Wellenreiten), Puno, Pisco, Ica, Arequipa, Madre de Dios, Iquitos und Cajamarca zu besuchen.<\/p>\n<p style=\"text-align: justify;\">Carolina Kupzcak &#8211;\u00a0Deutschland<\/p>\n[\/vc_column_text][\/vc_column_inner][vc_column_inner width=&#8221;1\/3&#8243;][vc_single_image image=&#8221;5424&#8243; img_size=&#8221;&#8221; alignment=&#8221;center&#8221;][\/vc_column_inner][\/vc_row_inner][\/vc_column][\/vc_row]\n","protected":false},"excerpt":{"rendered":"<p>[vc_row tz_row_type=&#8221;grid&#8221;][vc_column][vc_row_inner][vc_column_inner el_class=&#8221;tz-title-about&#8221; css=&#8221;.vc_custom_1498465264493{padding-right: 0px !important;padding-left: 0px !important;}&#8221;][vc_column_text css=&#8221;.vc_custom_1516019546230{margin-bottom: 21px !important;}&#8221;] Carolina Kupzcak &#8211; Deutschland [\/vc_column_text][\/vc_column_inner][\/vc_row_inner][vc_row_inner css=&#8221;.vc_custom_1516017178605{margin-top: 39px !important;}&#8221;][vc_column_inner el_class=&#8221;tz-about-container&#8221; width=&#8221;2\/3&#8243; css=&#8221;.vc_custom_1516017302524{padding-right: 0px !important;padding-left: 0px !important;}&#8221;][vc_column_text] Peru Reisebericht &#8211; Im Land der Inkas F\u00fcr 6 Wochen nach Peru &#8211; das erste Mal in Lateinamerika, um Spanisch zu lernen und ein v\u00f6llig neues Land kennenzulernen.\u00a0 Im [&hellip;]<\/p>\n","protected":false},"author":2,"featured_media":5424,"parent":14816,"menu_order":0,"comment_status":"closed","ping_status":"closed","template":"","meta":[],"yoast_head":"<!-- This site is optimized with the Yoast SEO plugin v19.12 - https:\/\/yoast.com\/wordpress\/plugins\/seo\/ -->\n<title>carolina-kupzcak-deutschland<\/title>\n<meta name=\"description\" content=\"F\u00fcr 6 Wochen nach Peru - das erste Mal in Lateinamerika, um Spanisch zu lernen und ein v\u00f6llig neues Land kennenzulernen. Im M\u00e4rz 2016 bin ich alleine...\" \/>\n<meta name=\"robots\" content=\"noindex, follow, max-snippet:-1, max-image-preview:large, max-video-preview:-1\" \/>\n<meta property=\"og:locale\" content=\"es_ES\" \/>\n<meta property=\"og:type\" content=\"article\" \/>\n<meta property=\"og:title\" content=\"carolina-kupzcak-deutschland\" \/>\n<meta property=\"og:description\" content=\"F\u00fcr 6 Wochen nach Peru - das erste Mal in Lateinamerika, um Spanisch zu lernen und ein v\u00f6llig neues Land kennenzulernen. Im M\u00e4rz 2016 bin ich alleine...\" \/>\n<meta property=\"og:url\" content=\"https:\/\/www.culturandesperu.com\/es\/testimonios\/carolina-kupzcak-deutschland\/\" \/>\n<meta property=\"article:modified_time\" content=\"2018-02-08T20:17:11+00:00\" \/>\n<meta property=\"og:image\" content=\"https:\/\/www.reliando.es\/wp-content\/uploads\/2017\/02\/Carolina-2.jpg\" \/>\n\t<meta property=\"og:image:width\" content=\"500\" \/>\n\t<meta property=\"og:image:height\" content=\"500\" \/>\n\t<meta property=\"og:image:type\" content=\"image\/jpeg\" \/>\n<meta name=\"twitter:card\" content=\"summary_large_image\" \/>\n<meta name=\"twitter:label1\" content=\"Est. reading time\" \/>\n\t<meta name=\"twitter:data1\" content=\"2 minutes\" \/>\n<script type=\"application\/ld+json\" class=\"yoast-schema-graph\">{\"@context\":\"https:\/\/schema.org\",\"@graph\":[{\"@type\":\"WebPage\",\"@id\":\"https:\/\/www.culturandesperu.com\/es\/testimonios\/carolina-kupzcak-deutschland\/\",\"url\":\"https:\/\/www.culturandesperu.com\/es\/testimonios\/carolina-kupzcak-deutschland\/\",\"name\":\"carolina-kupzcak-deutschland\",\"isPartOf\":{\"@id\":\"https:\/\/www.culturandesperu.com\/#website\"},\"datePublished\":\"2018-01-17T11:54:45+00:00\",\"dateModified\":\"2018-02-08T20:17:11+00:00\",\"description\":\"F\u00fcr 6 Wochen nach Peru - das erste Mal in Lateinamerika, um Spanisch zu lernen und ein v\u00f6llig neues Land kennenzulernen. Im M\u00e4rz 2016 bin ich alleine...\",\"breadcrumb\":{\"@id\":\"https:\/\/www.culturandesperu.com\/es\/testimonios\/carolina-kupzcak-deutschland\/#breadcrumb\"},\"inLanguage\":\"es-ES\",\"potentialAction\":[{\"@type\":\"ReadAction\",\"target\":[\"https:\/\/www.culturandesperu.com\/es\/testimonios\/carolina-kupzcak-deutschland\/\"]}]},{\"@type\":\"BreadcrumbList\",\"@id\":\"https:\/\/www.culturandesperu.com\/es\/testimonios\/carolina-kupzcak-deutschland\/#breadcrumb\",\"itemListElement\":[{\"@type\":\"ListItem\",\"position\":1,\"name\":\"Testimonios\",\"item\":\"https:\/\/www.culturandesperu.com\/es\/testimonios\/\"},{\"@type\":\"ListItem\",\"position\":2,\"name\":\"Carolina Kupzcak &#8211; Deutschland\"}]},{\"@type\":\"WebSite\",\"@id\":\"https:\/\/www.culturandesperu.com\/#website\",\"url\":\"https:\/\/www.culturandesperu.com\/\",\"name\":\"\",\"description\":\"travel and tourism\",\"potentialAction\":[{\"@type\":\"SearchAction\",\"target\":{\"@type\":\"EntryPoint\",\"urlTemplate\":\"https:\/\/www.culturandesperu.com\/?s={search_term_string}\"},\"query-input\":\"required name=search_term_string\"}],\"inLanguage\":\"es-ES\"}]}<\/script>\n<!-- \/ Yoast SEO plugin. -->","yoast_head_json":{"title":"carolina-kupzcak-deutschland","description":"F\u00fcr 6 Wochen nach Peru - das erste Mal in Lateinamerika, um Spanisch zu lernen und ein v\u00f6llig neues Land kennenzulernen. Im M\u00e4rz 2016 bin ich alleine...","robots":{"index":"noindex","follow":"follow","max-snippet":"max-snippet:-1","max-image-preview":"max-image-preview:large","max-video-preview":"max-video-preview:-1"},"og_locale":"es_ES","og_type":"article","og_title":"carolina-kupzcak-deutschland","og_description":"F\u00fcr 6 Wochen nach Peru - das erste Mal in Lateinamerika, um Spanisch zu lernen und ein v\u00f6llig neues Land kennenzulernen. Im M\u00e4rz 2016 bin ich alleine...","og_url":"https:\/\/www.culturandesperu.com\/es\/testimonios\/carolina-kupzcak-deutschland\/","article_modified_time":"2018-02-08T20:17:11+00:00","og_image":[{"width":500,"height":500,"url":"https:\/\/www.reliando.es\/wp-content\/uploads\/2017\/02\/Carolina-2.jpg","type":"image\/jpeg"}],"twitter_card":"summary_large_image","twitter_misc":{"Est. reading time":"2 minutes"},"schema":{"@context":"https:\/\/schema.org","@graph":[{"@type":"WebPage","@id":"https:\/\/www.culturandesperu.com\/es\/testimonios\/carolina-kupzcak-deutschland\/","url":"https:\/\/www.culturandesperu.com\/es\/testimonios\/carolina-kupzcak-deutschland\/","name":"carolina-kupzcak-deutschland","isPartOf":{"@id":"https:\/\/www.culturandesperu.com\/#website"},"datePublished":"2018-01-17T11:54:45+00:00","dateModified":"2018-02-08T20:17:11+00:00","description":"F\u00fcr 6 Wochen nach Peru - das erste Mal in Lateinamerika, um Spanisch zu lernen und ein v\u00f6llig neues Land kennenzulernen. Im M\u00e4rz 2016 bin ich alleine...","breadcrumb":{"@id":"https:\/\/www.culturandesperu.com\/es\/testimonios\/carolina-kupzcak-deutschland\/#breadcrumb"},"inLanguage":"es-ES","potentialAction":[{"@type":"ReadAction","target":["https:\/\/www.culturandesperu.com\/es\/testimonios\/carolina-kupzcak-deutschland\/"]}]},{"@type":"BreadcrumbList","@id":"https:\/\/www.culturandesperu.com\/es\/testimonios\/carolina-kupzcak-deutschland\/#breadcrumb","itemListElement":[{"@type":"ListItem","position":1,"name":"Testimonios","item":"https:\/\/www.culturandesperu.com\/es\/testimonios\/"},{"@type":"ListItem","position":2,"name":"Carolina Kupzcak &#8211; Deutschland"}]},{"@type":"WebSite","@id":"https:\/\/www.culturandesperu.com\/#website","url":"https:\/\/www.culturandesperu.com\/","name":"","description":"travel and tourism","potentialAction":[{"@type":"SearchAction","target":{"@type":"EntryPoint","urlTemplate":"https:\/\/www.culturandesperu.com\/?s={search_term_string}"},"query-input":"required name=search_term_string"}],"inLanguage":"es-ES"}]}},"_links":{"self":[{"href":"https:\/\/www.culturandesperu.com\/es\/wp-json\/wp\/v2\/pages\/14820"}],"collection":[{"href":"https:\/\/www.culturandesperu.com\/es\/wp-json\/wp\/v2\/pages"}],"about":[{"href":"https:\/\/www.culturandesperu.com\/es\/wp-json\/wp\/v2\/types\/page"}],"author":[{"embeddable":true,"href":"https:\/\/www.culturandesperu.com\/es\/wp-json\/wp\/v2\/users\/2"}],"replies":[{"embeddable":true,"href":"https:\/\/www.culturandesperu.com\/es\/wp-json\/wp\/v2\/comments?post=14820"}],"version-history":[{"count":0,"href":"https:\/\/www.culturandesperu.com\/es\/wp-json\/wp\/v2\/pages\/14820\/revisions"}],"up":[{"embeddable":true,"href":"https:\/\/www.culturandesperu.com\/es\/wp-json\/wp\/v2\/pages\/14816"}],"wp:featuredmedia":[{"embeddable":true,"href":"https:\/\/www.culturandesperu.com\/es\/wp-json\/wp\/v2\/media\/5424"}],"wp:attachment":[{"href":"https:\/\/www.culturandesperu.com\/es\/wp-json\/wp\/v2\/media?parent=14820"}],"curies":[{"name":"wp","href":"https:\/\/api.w.org\/{rel}","templated":true}]}}