{"id":14823,"date":"2018-01-17T06:54:45","date_gmt":"2018-01-17T11:54:45","guid":{"rendered":"https:\/\/www.culturandesperu.com\/?page_id=14823"},"modified":"2018-02-08T22:59:55","modified_gmt":"2018-02-09T03:59:55","slug":"joan-roviralta-barcelona","status":"publish","type":"page","link":"https:\/\/www.culturandesperu.com\/es\/testimonios\/joan-roviralta-barcelona\/","title":{"rendered":"Joan Roviralta &#8211; Barcelona"},"content":{"rendered":"[vc_row tz_row_type=&#8221;grid&#8221;][vc_column][vc_row_inner][vc_column_inner el_class=&#8221;tz-title-about&#8221; css=&#8221;.vc_custom_1498465264493{padding-right: 0px !important;padding-left: 0px !important;}&#8221;][vc_column_text css=&#8221;.vc_custom_1517727586517{margin-bottom: 21px !important;}&#8221;]\n<h2 style=\"text-align: center;\"><span class=\"ez-toc-section\" id=\"Joan_Roviralta_-_Barcelona\"><\/span>Joan Roviralta &#8211; Barcelona<span class=\"ez-toc-section-end\"><\/span><\/h2>\n[\/vc_column_text][\/vc_column_inner][\/vc_row_inner][vc_row_inner css=&#8221;.vc_custom_1516017178605{margin-top: 39px !important;}&#8221;][vc_column_inner el_class=&#8221;tz-about-container&#8221; width=&#8221;2\/3&#8243; css=&#8221;.vc_custom_1516017302524{padding-right: 0px !important;padding-left: 0px !important;}&#8221;][vc_column_text]\n<p style=\"text-align: justify;\">CULTURANDES:<\/p>\n<ul>\n<li style=\"text-align: justify;\">Gent que estima el seu pa\u00eds i ho transmet als qui viatgen amb ells.<\/li>\n<li style=\"text-align: justify;\">Una organitzaci\u00f3 impecable.<\/li>\n<li style=\"text-align: justify;\">Guies professionals.<\/li>\n<li style=\"text-align: justify;\">Respecte total pel medi.<\/li>\n<li style=\"text-align: justify;\">R\u00e0pida resposta en qualsevol situaci\u00f3.<\/li>\n<li style=\"text-align: justify;\">Repetir\u00edem amb ells, sens dubte.<\/li>\n<\/ul>\n[\/vc_column_text][\/vc_column_inner][vc_column_inner width=&#8221;1\/3&#8243;][vc_single_image image=&#8221;5364&#8243; img_size=&#8221;&#8221; alignment=&#8221;center&#8221;][\/vc_column_inner][\/vc_row_inner][\/vc_column][\/vc_row]\n","protected":false},"excerpt":{"rendered":"<p>[vc_row tz_row_type=&#8221;grid&#8221;][vc_column][vc_row_inner][vc_column_inner el_class=&#8221;tz-title-about&#8221; css=&#8221;.vc_custom_1498465264493{padding-right: 0px !important;padding-left: 0px !important;}&#8221;][vc_column_text css=&#8221;.vc_custom_1517727586517{margin-bottom: 21px !important;}&#8221;] Joan Roviralta &#8211; Barcelona [\/vc_column_text][\/vc_column_inner][\/vc_row_inner][vc_row_inner css=&#8221;.vc_custom_1516017178605{margin-top: 39px !important;}&#8221;][vc_column_inner el_class=&#8221;tz-about-container&#8221; width=&#8221;2\/3&#8243; css=&#8221;.vc_custom_1516017302524{padding-right: 0px !important;padding-left: 0px !important;}&#8221;][vc_column_text] CULTURANDES: Gent que estima el seu pa\u00eds i ho transmet als qui viatgen amb ells. Una organitzaci\u00f3 impecable. Guies professionals. Respecte total pel medi. R\u00e0pida resposta en qualsevol situaci\u00f3. [&hellip;]<\/p>\n","protected":false},"author":2,"featured_media":5364,"parent":14816,"menu_order":0,"comment_status":"closed","ping_status":"closed","template":"","meta":[],"yoast_head":"<!-- This site is optimized with the Yoast SEO plugin v19.12 - https:\/\/yoast.com\/wordpress\/plugins\/seo\/ -->\n<title>joan-roviralta-catalunya<\/title>\n<meta name=\"description\" content=\"\uf06e Gent que estima el seu pa\u00eds i ho transmet als qui viatgen amb ells. \uf06e Una organitzaci\u00f3 impecable. \uf06e Guies professionals.\" \/>\n<meta name=\"robots\" content=\"noindex, follow, max-snippet:-1, max-image-preview:large, max-video-preview:-1\" \/>\n<meta property=\"og:locale\" content=\"es_ES\" \/>\n<meta property=\"og:type\" content=\"article\" \/>\n<meta property=\"og:title\" content=\"joan-roviralta-catalunya\" \/>\n<meta property=\"og:description\" content=\"\uf06e Gent que estima el seu pa\u00eds i ho transmet als qui viatgen amb ells. \uf06e Una organitzaci\u00f3 impecable. \uf06e Guies professionals.\" \/>\n<meta property=\"og:url\" content=\"https:\/\/www.culturandesperu.com\/es\/testimonios\/joan-roviralta-barcelona\/\" \/>\n<meta property=\"article:modified_time\" content=\"2018-02-09T03:59:55+00:00\" \/>\n<meta property=\"og:image\" content=\"https:\/\/www.reliando.es\/wp-content\/uploads\/2017\/02\/TESTI-2.jpg\" \/>\n\t<meta property=\"og:image:width\" content=\"658\" \/>\n\t<meta property=\"og:image:height\" content=\"421\" \/>\n\t<meta property=\"og:image:type\" content=\"image\/jpeg\" \/>\n<meta name=\"twitter:card\" content=\"summary_large_image\" \/>\n<meta name=\"twitter:label1\" content=\"Est. reading time\" \/>\n\t<meta name=\"twitter:data1\" content=\"1 minute\" \/>\n<script type=\"application\/ld+json\" class=\"yoast-schema-graph\">{\"@context\":\"https:\/\/schema.org\",\"@graph\":[{\"@type\":\"WebPage\",\"@id\":\"https:\/\/www.culturandesperu.com\/es\/testimonios\/joan-roviralta-barcelona\/\",\"url\":\"https:\/\/www.culturandesperu.com\/es\/testimonios\/joan-roviralta-barcelona\/\",\"name\":\"joan-roviralta-catalunya\",\"isPartOf\":{\"@id\":\"https:\/\/www.culturandesperu.com\/#website\"},\"datePublished\":\"2018-01-17T11:54:45+00:00\",\"dateModified\":\"2018-02-09T03:59:55+00:00\",\"description\":\"\uf06e Gent que estima el seu pa\u00eds i ho transmet als qui viatgen amb ells. \uf06e Una organitzaci\u00f3 impecable. \uf06e Guies professionals.\",\"breadcrumb\":{\"@id\":\"https:\/\/www.culturandesperu.com\/es\/testimonios\/joan-roviralta-barcelona\/#breadcrumb\"},\"inLanguage\":\"es-ES\",\"potentialAction\":[{\"@type\":\"ReadAction\",\"target\":[\"https:\/\/www.culturandesperu.com\/es\/testimonios\/joan-roviralta-barcelona\/\"]}]},{\"@type\":\"BreadcrumbList\",\"@id\":\"https:\/\/www.culturandesperu.com\/es\/testimonios\/joan-roviralta-barcelona\/#breadcrumb\",\"itemListElement\":[{\"@type\":\"ListItem\",\"position\":1,\"name\":\"Testimonios\",\"item\":\"https:\/\/www.culturandesperu.com\/es\/testimonios\/\"},{\"@type\":\"ListItem\",\"position\":2,\"name\":\"Joan Roviralta &#8211; Barcelona\"}]},{\"@type\":\"WebSite\",\"@id\":\"https:\/\/www.culturandesperu.com\/#website\",\"url\":\"https:\/\/www.culturandesperu.com\/\",\"name\":\"\",\"description\":\"travel and tourism\",\"potentialAction\":[{\"@type\":\"SearchAction\",\"target\":{\"@type\":\"EntryPoint\",\"urlTemplate\":\"https:\/\/www.culturandesperu.com\/?s={search_term_string}\"},\"query-input\":\"required name=search_term_string\"}],\"inLanguage\":\"es-ES\"}]}<\/script>\n<!-- \/ Yoast SEO plugin. -->","yoast_head_json":{"title":"joan-roviralta-catalunya","description":"\uf06e Gent que estima el seu pa\u00eds i ho transmet als qui viatgen amb ells. \uf06e Una organitzaci\u00f3 impecable. \uf06e Guies professionals.","robots":{"index":"noindex","follow":"follow","max-snippet":"max-snippet:-1","max-image-preview":"max-image-preview:large","max-video-preview":"max-video-preview:-1"},"og_locale":"es_ES","og_type":"article","og_title":"joan-roviralta-catalunya","og_description":"\uf06e Gent que estima el seu pa\u00eds i ho transmet als qui viatgen amb ells. \uf06e Una organitzaci\u00f3 impecable. \uf06e Guies professionals.","og_url":"https:\/\/www.culturandesperu.com\/es\/testimonios\/joan-roviralta-barcelona\/","article_modified_time":"2018-02-09T03:59:55+00:00","og_image":[{"width":658,"height":421,"url":"https:\/\/www.reliando.es\/wp-content\/uploads\/2017\/02\/TESTI-2.jpg","type":"image\/jpeg"}],"twitter_card":"summary_large_image","twitter_misc":{"Est. reading time":"1 minute"},"schema":{"@context":"https:\/\/schema.org","@graph":[{"@type":"WebPage","@id":"https:\/\/www.culturandesperu.com\/es\/testimonios\/joan-roviralta-barcelona\/","url":"https:\/\/www.culturandesperu.com\/es\/testimonios\/joan-roviralta-barcelona\/","name":"joan-roviralta-catalunya","isPartOf":{"@id":"https:\/\/www.culturandesperu.com\/#website"},"datePublished":"2018-01-17T11:54:45+00:00","dateModified":"2018-02-09T03:59:55+00:00","description":"\uf06e Gent que estima el seu pa\u00eds i ho transmet als qui viatgen amb ells. \uf06e Una organitzaci\u00f3 impecable. \uf06e Guies professionals.","breadcrumb":{"@id":"https:\/\/www.culturandesperu.com\/es\/testimonios\/joan-roviralta-barcelona\/#breadcrumb"},"inLanguage":"es-ES","potentialAction":[{"@type":"ReadAction","target":["https:\/\/www.culturandesperu.com\/es\/testimonios\/joan-roviralta-barcelona\/"]}]},{"@type":"BreadcrumbList","@id":"https:\/\/www.culturandesperu.com\/es\/testimonios\/joan-roviralta-barcelona\/#breadcrumb","itemListElement":[{"@type":"ListItem","position":1,"name":"Testimonios","item":"https:\/\/www.culturandesperu.com\/es\/testimonios\/"},{"@type":"ListItem","position":2,"name":"Joan Roviralta &#8211; Barcelona"}]},{"@type":"WebSite","@id":"https:\/\/www.culturandesperu.com\/#website","url":"https:\/\/www.culturandesperu.com\/","name":"","description":"travel and tourism","potentialAction":[{"@type":"SearchAction","target":{"@type":"EntryPoint","urlTemplate":"https:\/\/www.culturandesperu.com\/?s={search_term_string}"},"query-input":"required name=search_term_string"}],"inLanguage":"es-ES"}]}},"_links":{"self":[{"href":"https:\/\/www.culturandesperu.com\/es\/wp-json\/wp\/v2\/pages\/14823"}],"collection":[{"href":"https:\/\/www.culturandesperu.com\/es\/wp-json\/wp\/v2\/pages"}],"about":[{"href":"https:\/\/www.culturandesperu.com\/es\/wp-json\/wp\/v2\/types\/page"}],"author":[{"embeddable":true,"href":"https:\/\/www.culturandesperu.com\/es\/wp-json\/wp\/v2\/users\/2"}],"replies":[{"embeddable":true,"href":"https:\/\/www.culturandesperu.com\/es\/wp-json\/wp\/v2\/comments?post=14823"}],"version-history":[{"count":0,"href":"https:\/\/www.culturandesperu.com\/es\/wp-json\/wp\/v2\/pages\/14823\/revisions"}],"up":[{"embeddable":true,"href":"https:\/\/www.culturandesperu.com\/es\/wp-json\/wp\/v2\/pages\/14816"}],"wp:featuredmedia":[{"embeddable":true,"href":"https:\/\/www.culturandesperu.com\/es\/wp-json\/wp\/v2\/media\/5364"}],"wp:attachment":[{"href":"https:\/\/www.culturandesperu.com\/es\/wp-json\/wp\/v2\/media?parent=14823"}],"curies":[{"name":"wp","href":"https:\/\/api.w.org\/{rel}","templated":true}]}}