{"id":14825,"date":"2018-01-17T06:54:46","date_gmt":"2018-01-17T11:54:46","guid":{"rendered":"https:\/\/www.culturandesperu.com\/?page_id=14825"},"modified":"2018-03-16T15:59:15","modified_gmt":"2018-03-16T20:59:15","slug":"maria-teresa-fontanella-barcelona","status":"publish","type":"page","link":"https:\/\/www.culturandesperu.com\/es\/testimonios\/maria-teresa-fontanella-barcelona\/","title":{"rendered":"Maria Teresa Fontanella &#8211; Barcelona"},"content":{"rendered":"[vc_row tz_row_type=&#8221;grid&#8221;][vc_column][vc_row_inner][vc_column_inner el_class=&#8221;tz-title-about&#8221; css=&#8221;.vc_custom_1498465264493{padding-right: 0px !important;padding-left: 0px !important;}&#8221;][vc_column_text css=&#8221;.vc_custom_1517726975870{margin-bottom: 21px !important;}&#8221;]\n<h2 style=\"text-align: center;\"><span class=\"ez-toc-section\" id=\"Maria_Teresa_Fontanella_-_Barcelona\"><\/span>Maria Teresa Fontanella \u2013 Barcelona<span class=\"ez-toc-section-end\"><\/span><\/h2>\n[\/vc_column_text][\/vc_column_inner][\/vc_row_inner][vc_row_inner css=&#8221;.vc_custom_1516017178605{margin-top: 39px !important;}&#8221;][vc_column_inner el_class=&#8221;tz-about-container&#8221; width=&#8221;2\/3&#8243; css=&#8221;.vc_custom_1516017302524{padding-right: 0px !important;padding-left: 0px !important;}&#8221;][vc_column_text]\n<p style=\"text-align: justify;\">Jo volia anar al Per\u00fa, Sabia d\u2019 una dona fant\u00e0stica que em podia organitzar el viatge, em vaig posar en contacte via mail amb ella. Li vaig enviar un projecte de la ruta que volia fer. Li vaig comentar que viatjava sola per\u00f2 que no volia anar sola per tant m\u2019havia de posar en grups i aix\u00ed ho va fer. Tamb\u00e9 li vaig comentar que volia viatjar c\u00f2mode i que els hotels fossin confortables. Evidentment , tenia un bon pressupost per fer un viatge de m\u00e9s d\u2019un mes, la qual cosa facilitava el tour i l\u2019estada. Poc a poc vam anar fent plegades tota la ruta fins aconseguir un gran i espectacular viatge. La vaig fer suar una mica perqu\u00e8 jo volia anar a Bol\u00edvia, i en aquest pa\u00eds ella tenia pocs contactes, per\u00f2 ho va aconseguir i va ser fant\u00e0stic. Tota la ruta la vam fer sense haver-nos vist mai i tot via mail.<\/p>\n<p style=\"text-align: justify;\">Els hotels que em va buscar eren molt c\u00f2modes, no estaven al rovell de l\u2019ou , per\u00f2 estaven a dos o tres carrers del centre, en tots ells em vaig sentir com si fos a casa meva.<\/p>\n<p style=\"text-align: justify;\">En tots els viatges que faig sempre hi ha un moment en que m\u2019enyoro del meu pa\u00eds, de casa meva, per\u00f2 en la meva estada per terres peruanes no em vaig enyorar gens perqu\u00e8 la gent , el menjar, la llengua em feien sentir com a casa. Vaig con\u00e8ixer gent de tota mena i de tots els pa\u00efsos.<\/p>\n<p style=\"text-align: justify;\">Diuen que quan una persona est\u00e0 contenta i feli\u00e7 tot el seu entorn tamb\u00e9 ho est\u00e0. Jo estava aix\u00ed, contenta i impressionada pel meu viatge i tot el meu voltant era alegria. Sempre que viatjo faig un diari i aquest \u00e9s el tros que m\u00e9s m\u2019agrada del meu relat.<\/p>\n<p style=\"text-align: justify;\">Tot el viatge fa ser fant\u00e0stic, tot va funcionar a l\u2019hora, la gent que m\u2019esperava a les estacions , els tours que feia, els horaris es complien. I quan vaig tornar a Barcelona , ben contenta de que tot havia sortit b\u00e9, em van perdre les maletes i aquestes van arribar un dia m\u00e9s tard que jo, alguna cosa havia de fallar, per\u00f2 ja era al meu pa\u00eds petit Catalunya.<\/p>\n<p style=\"text-align: justify;\">Vaig con\u00e8ixer el Per\u00fa durant una estada de m\u00e9s d\u2019un mes. El que m\u00e9s em va agradar va ser el Machu Pichu, pujar amb el primer autob\u00fas a la matinada, arribar a la muntanya m\u00e0gica, pujar fins a un punt on veus sortir el sol, \u00e9s \u2026. em vam caure les ll\u00e0grimes de l\u2019impressionant naixement d\u2019un nou dia, poc a poc es va il\u00b7luminant tota la muntanya. Veure aquelles construccions que havien fet els antics peruans, com vivien, com s\u2019ho feien per aprofitar l\u2019aigua.<\/p>\n<p style=\"text-align: justify;\">La ciutat que m\u00e9s em va agrada va ser Cuzco , les seves places, els seus carrers, els seus mercats, la bona gent peruana que em vaig trobar , el bon menjar.<\/p>\n<p style=\"text-align: justify;\">Els mercats del Per\u00fa estan plens de colors i de diversitats d\u2019aliments, vaig descobrir que tenen molt\u00edssimes varietats de patates i de verdures. Els pollastres i les peces de carn penjades a l\u2019aire sorpr\u00e8n una mica als viatgers per\u00f2 a l\u2019hora no pares de fer fotos.<\/p>\n<p style=\"text-align: justify;\">La parada que vam fer a Chivay de cam\u00ed cap al Ca\u00f1on del Colca , va ser fant\u00e0stic, el seu mercat , la pla\u00e7a d\u2019Armas. A l\u2019hotel que vaig estar era fant\u00e0stic, quasi gosaria a dir que el millor. T\u00e9 unes piscines d\u2019aigua calenta precioses i s\u2019hi estava de b\u00e9 sobretot quan es pon el sol. Que dir del Ca\u00f1on del Colca, una carretera plena de corbes per despr\u00e9s arribar al punt m\u00e9s alt on veus el magn\u00edfic vol dels c\u00f2ndors, amb les ales ben obertes sota un cel ben blau.<\/p>\n<p style=\"text-align: justify;\">Al llarg del meu viatge vaig con\u00e8ixer molta hist\u00f2ria del Per\u00fa que desconeixia i que em va agradar molt de con\u00e8ixer.<\/p>\n[\/vc_column_text][\/vc_column_inner][vc_column_inner width=&#8221;1\/3&#8243;][vc_single_image image=&#8221;5228&#8243; img_size=&#8221;&#8221; alignment=&#8221;center&#8221;][\/vc_column_inner][\/vc_row_inner][\/vc_column][\/vc_row]\n","protected":false},"excerpt":{"rendered":"<p>[vc_row tz_row_type=&#8221;grid&#8221;][vc_column][vc_row_inner][vc_column_inner el_class=&#8221;tz-title-about&#8221; css=&#8221;.vc_custom_1498465264493{padding-right: 0px !important;padding-left: 0px !important;}&#8221;][vc_column_text css=&#8221;.vc_custom_1517726975870{margin-bottom: 21px !important;}&#8221;] Maria Teresa Fontanella \u2013 Barcelona [\/vc_column_text][\/vc_column_inner][\/vc_row_inner][vc_row_inner css=&#8221;.vc_custom_1516017178605{margin-top: 39px !important;}&#8221;][vc_column_inner el_class=&#8221;tz-about-container&#8221; width=&#8221;2\/3&#8243; css=&#8221;.vc_custom_1516017302524{padding-right: 0px !important;padding-left: 0px !important;}&#8221;][vc_column_text] Jo volia anar al Per\u00fa, Sabia d\u2019 una dona fant\u00e0stica que em podia organitzar el viatge, em vaig posar en contacte via mail amb ella. Li vaig enviar [&hellip;]<\/p>\n","protected":false},"author":2,"featured_media":22573,"parent":14816,"menu_order":0,"comment_status":"closed","ping_status":"closed","template":"","meta":[],"yoast_head":"<!-- This site is optimized with the Yoast SEO plugin v19.12 - https:\/\/yoast.com\/wordpress\/plugins\/seo\/ -->\n<title>Maria Teresa Fontanella - Barcelona -<\/title>\n<meta name=\"robots\" content=\"noindex, follow, max-snippet:-1, max-image-preview:large, max-video-preview:-1\" \/>\n<meta property=\"og:locale\" content=\"es_ES\" \/>\n<meta property=\"og:type\" content=\"article\" \/>\n<meta property=\"og:title\" content=\"Maria Teresa Fontanella - Barcelona -\" \/>\n<meta property=\"og:description\" content=\"[vc_row tz_row_type=&#8221;grid&#8221;][vc_column][vc_row_inner][vc_column_inner el_class=&#8221;tz-title-about&#8221; css=&#8221;.vc_custom_1498465264493{padding-right: 0px !important;padding-left: 0px !important;}&#8221;][vc_column_text css=&#8221;.vc_custom_1517726975870{margin-bottom: 21px !important;}&#8221;] Maria Teresa Fontanella \u2013 Barcelona [\/vc_column_text][\/vc_column_inner][\/vc_row_inner][vc_row_inner css=&#8221;.vc_custom_1516017178605{margin-top: 39px !important;}&#8221;][vc_column_inner el_class=&#8221;tz-about-container&#8221; width=&#8221;2\/3&#8243; css=&#8221;.vc_custom_1516017302524{padding-right: 0px !important;padding-left: 0px !important;}&#8221;][vc_column_text] Jo volia anar al Per\u00fa, Sabia d\u2019 una dona fant\u00e0stica que em podia organitzar el viatge, em vaig posar en contacte via mail amb ella. Li vaig enviar [&hellip;]\" \/>\n<meta property=\"og:url\" content=\"https:\/\/www.culturandesperu.com\/es\/testimonios\/maria-teresa-fontanella-barcelona\/\" \/>\n<meta property=\"article:modified_time\" content=\"2018-03-16T20:59:15+00:00\" \/>\n<meta property=\"og:image\" content=\"https:\/\/www.reliando.es\/wp-content\/uploads\/2018\/03\/Fontanella.jpg\" \/>\n\t<meta property=\"og:image:width\" content=\"960\" \/>\n\t<meta property=\"og:image:height\" content=\"720\" \/>\n\t<meta property=\"og:image:type\" content=\"image\/jpeg\" \/>\n<meta name=\"twitter:card\" content=\"summary_large_image\" \/>\n<meta name=\"twitter:label1\" content=\"Est. reading time\" \/>\n\t<meta name=\"twitter:data1\" content=\"4 minutes\" \/>\n<script type=\"application\/ld+json\" class=\"yoast-schema-graph\">{\"@context\":\"https:\/\/schema.org\",\"@graph\":[{\"@type\":\"WebPage\",\"@id\":\"https:\/\/www.culturandesperu.com\/es\/testimonios\/maria-teresa-fontanella-barcelona\/\",\"url\":\"https:\/\/www.culturandesperu.com\/es\/testimonios\/maria-teresa-fontanella-barcelona\/\",\"name\":\"Maria Teresa Fontanella - Barcelona -\",\"isPartOf\":{\"@id\":\"https:\/\/www.culturandesperu.com\/#website\"},\"datePublished\":\"2018-01-17T11:54:46+00:00\",\"dateModified\":\"2018-03-16T20:59:15+00:00\",\"breadcrumb\":{\"@id\":\"https:\/\/www.culturandesperu.com\/es\/testimonios\/maria-teresa-fontanella-barcelona\/#breadcrumb\"},\"inLanguage\":\"es-ES\",\"potentialAction\":[{\"@type\":\"ReadAction\",\"target\":[\"https:\/\/www.culturandesperu.com\/es\/testimonios\/maria-teresa-fontanella-barcelona\/\"]}]},{\"@type\":\"BreadcrumbList\",\"@id\":\"https:\/\/www.culturandesperu.com\/es\/testimonios\/maria-teresa-fontanella-barcelona\/#breadcrumb\",\"itemListElement\":[{\"@type\":\"ListItem\",\"position\":1,\"name\":\"Testimonios\",\"item\":\"https:\/\/www.culturandesperu.com\/es\/testimonios\/\"},{\"@type\":\"ListItem\",\"position\":2,\"name\":\"Maria Teresa Fontanella &#8211; Barcelona\"}]},{\"@type\":\"WebSite\",\"@id\":\"https:\/\/www.culturandesperu.com\/#website\",\"url\":\"https:\/\/www.culturandesperu.com\/\",\"name\":\"\",\"description\":\"travel and tourism\",\"potentialAction\":[{\"@type\":\"SearchAction\",\"target\":{\"@type\":\"EntryPoint\",\"urlTemplate\":\"https:\/\/www.culturandesperu.com\/?s={search_term_string}\"},\"query-input\":\"required name=search_term_string\"}],\"inLanguage\":\"es-ES\"}]}<\/script>\n<!-- \/ Yoast SEO plugin. -->","yoast_head_json":{"title":"Maria Teresa Fontanella - Barcelona -","robots":{"index":"noindex","follow":"follow","max-snippet":"max-snippet:-1","max-image-preview":"max-image-preview:large","max-video-preview":"max-video-preview:-1"},"og_locale":"es_ES","og_type":"article","og_title":"Maria Teresa Fontanella - Barcelona -","og_description":"[vc_row tz_row_type=&#8221;grid&#8221;][vc_column][vc_row_inner][vc_column_inner el_class=&#8221;tz-title-about&#8221; css=&#8221;.vc_custom_1498465264493{padding-right: 0px !important;padding-left: 0px !important;}&#8221;][vc_column_text css=&#8221;.vc_custom_1517726975870{margin-bottom: 21px !important;}&#8221;] Maria Teresa Fontanella \u2013 Barcelona [\/vc_column_text][\/vc_column_inner][\/vc_row_inner][vc_row_inner css=&#8221;.vc_custom_1516017178605{margin-top: 39px !important;}&#8221;][vc_column_inner el_class=&#8221;tz-about-container&#8221; width=&#8221;2\/3&#8243; css=&#8221;.vc_custom_1516017302524{padding-right: 0px !important;padding-left: 0px !important;}&#8221;][vc_column_text] Jo volia anar al Per\u00fa, Sabia d\u2019 una dona fant\u00e0stica que em podia organitzar el viatge, em vaig posar en contacte via mail amb ella. Li vaig enviar [&hellip;]","og_url":"https:\/\/www.culturandesperu.com\/es\/testimonios\/maria-teresa-fontanella-barcelona\/","article_modified_time":"2018-03-16T20:59:15+00:00","og_image":[{"width":960,"height":720,"url":"https:\/\/www.reliando.es\/wp-content\/uploads\/2018\/03\/Fontanella.jpg","type":"image\/jpeg"}],"twitter_card":"summary_large_image","twitter_misc":{"Est. reading time":"4 minutes"},"schema":{"@context":"https:\/\/schema.org","@graph":[{"@type":"WebPage","@id":"https:\/\/www.culturandesperu.com\/es\/testimonios\/maria-teresa-fontanella-barcelona\/","url":"https:\/\/www.culturandesperu.com\/es\/testimonios\/maria-teresa-fontanella-barcelona\/","name":"Maria Teresa Fontanella - Barcelona -","isPartOf":{"@id":"https:\/\/www.culturandesperu.com\/#website"},"datePublished":"2018-01-17T11:54:46+00:00","dateModified":"2018-03-16T20:59:15+00:00","breadcrumb":{"@id":"https:\/\/www.culturandesperu.com\/es\/testimonios\/maria-teresa-fontanella-barcelona\/#breadcrumb"},"inLanguage":"es-ES","potentialAction":[{"@type":"ReadAction","target":["https:\/\/www.culturandesperu.com\/es\/testimonios\/maria-teresa-fontanella-barcelona\/"]}]},{"@type":"BreadcrumbList","@id":"https:\/\/www.culturandesperu.com\/es\/testimonios\/maria-teresa-fontanella-barcelona\/#breadcrumb","itemListElement":[{"@type":"ListItem","position":1,"name":"Testimonios","item":"https:\/\/www.culturandesperu.com\/es\/testimonios\/"},{"@type":"ListItem","position":2,"name":"Maria Teresa Fontanella &#8211; Barcelona"}]},{"@type":"WebSite","@id":"https:\/\/www.culturandesperu.com\/#website","url":"https:\/\/www.culturandesperu.com\/","name":"","description":"travel and tourism","potentialAction":[{"@type":"SearchAction","target":{"@type":"EntryPoint","urlTemplate":"https:\/\/www.culturandesperu.com\/?s={search_term_string}"},"query-input":"required name=search_term_string"}],"inLanguage":"es-ES"}]}},"_links":{"self":[{"href":"https:\/\/www.culturandesperu.com\/es\/wp-json\/wp\/v2\/pages\/14825"}],"collection":[{"href":"https:\/\/www.culturandesperu.com\/es\/wp-json\/wp\/v2\/pages"}],"about":[{"href":"https:\/\/www.culturandesperu.com\/es\/wp-json\/wp\/v2\/types\/page"}],"author":[{"embeddable":true,"href":"https:\/\/www.culturandesperu.com\/es\/wp-json\/wp\/v2\/users\/2"}],"replies":[{"embeddable":true,"href":"https:\/\/www.culturandesperu.com\/es\/wp-json\/wp\/v2\/comments?post=14825"}],"version-history":[{"count":0,"href":"https:\/\/www.culturandesperu.com\/es\/wp-json\/wp\/v2\/pages\/14825\/revisions"}],"up":[{"embeddable":true,"href":"https:\/\/www.culturandesperu.com\/es\/wp-json\/wp\/v2\/pages\/14816"}],"wp:featuredmedia":[{"embeddable":true,"href":"https:\/\/www.culturandesperu.com\/es\/wp-json\/wp\/v2\/media\/22573"}],"wp:attachment":[{"href":"https:\/\/www.culturandesperu.com\/es\/wp-json\/wp\/v2\/media?parent=14825"}],"curies":[{"name":"wp","href":"https:\/\/api.w.org\/{rel}","templated":true}]}}