{"id":14828,"date":"2018-01-17T07:06:36","date_gmt":"2018-01-17T12:06:36","guid":{"rendered":"https:\/\/www.culturandesperu.com\/?page_id=14828"},"modified":"2018-02-08T23:18:49","modified_gmt":"2018-02-09T04:18:49","slug":"raffaella-padula-y-francesco-putignano-italia","status":"publish","type":"page","link":"https:\/\/www.culturandesperu.com\/es\/testimonios\/raffaella-padula-y-francesco-putignano-italia\/","title":{"rendered":"Raffaella Padula y Francesco Putignano &#8211; Italia"},"content":{"rendered":"[vc_row tz_row_type=&#8221;grid&#8221;][vc_column][vc_row_inner][vc_column_inner el_class=&#8221;tz-title-about&#8221; css=&#8221;.vc_custom_1498465264493{padding-right: 0px !important;padding-left: 0px !important;}&#8221;][vc_column_text css=&#8221;.vc_custom_1517728185512{margin-bottom: 21px !important;}&#8221;]\n<h2 style=\"text-align: center;\"><span class=\"ez-toc-section\" id=\"Raffaella_Padula_y_Francesco_Putignano_-_Italia\"><\/span>Raffaella Padula y Francesco Putignano &#8211; Italia<span class=\"ez-toc-section-end\"><\/span><\/h2>\n[\/vc_column_text][\/vc_column_inner][\/vc_row_inner][vc_row_inner css=&#8221;.vc_custom_1516017178605{margin-top: 39px !important;}&#8221;][vc_column_inner el_class=&#8221;tz-about-container&#8221; width=&#8221;2\/3&#8243; css=&#8221;.vc_custom_1516017302524{padding-right: 0px !important;padding-left: 0px !important;}&#8221;][vc_column_text]\n<p style=\"text-align: justify;\">E\u2019 stato un viaggio fantastico, il Per\u00f9 \u00e8 meraviglioso, tanti paesaggi diversi, cibo buonissimo, cultura unica. Lo staff di Culturandes \u00e8 stato professionale e preparato, pronto a risolvere ogni piccolo inconveniente e a organizzare un viaggio studiato alla perfezione. Siamo soddisfatti del nostro tour. Grazie Culturandes!<\/p>\n[\/vc_column_text][\/vc_column_inner][vc_column_inner width=&#8221;1\/3&#8243;][vc_single_image image=&#8221;9515&#8243; img_size=&#8221;&#8221; alignment=&#8221;center&#8221;][\/vc_column_inner][\/vc_row_inner][\/vc_column][\/vc_row]\n","protected":false},"excerpt":{"rendered":"<p>[vc_row tz_row_type=&#8221;grid&#8221;][vc_column][vc_row_inner][vc_column_inner el_class=&#8221;tz-title-about&#8221; css=&#8221;.vc_custom_1498465264493{padding-right: 0px !important;padding-left: 0px !important;}&#8221;][vc_column_text css=&#8221;.vc_custom_1517728185512{margin-bottom: 21px !important;}&#8221;] Raffaella Padula y Francesco Putignano &#8211; Italia [\/vc_column_text][\/vc_column_inner][\/vc_row_inner][vc_row_inner css=&#8221;.vc_custom_1516017178605{margin-top: 39px !important;}&#8221;][vc_column_inner el_class=&#8221;tz-about-container&#8221; width=&#8221;2\/3&#8243; css=&#8221;.vc_custom_1516017302524{padding-right: 0px !important;padding-left: 0px !important;}&#8221;][vc_column_text] E\u2019 stato un viaggio fantastico, il Per\u00f9 \u00e8 meraviglioso, tanti paesaggi diversi, cibo buonissimo, cultura unica. Lo staff di Culturandes \u00e8 stato professionale e preparato, pronto [&hellip;]<\/p>\n","protected":false},"author":2,"featured_media":9515,"parent":14816,"menu_order":0,"comment_status":"closed","ping_status":"closed","template":"","meta":[],"yoast_head":"<!-- This site is optimized with the Yoast SEO plugin v19.12 - https:\/\/yoast.com\/wordpress\/plugins\/seo\/ -->\n<title>raffaella padula y francesco putignano<\/title>\n<meta name=\"description\" content=\"E&#039; stato un viaggio fantastico, il Per\u00f9 \u00e8 meraviglioso, tanti paesaggi diversi, cibo buonissimo, cultura unica. Lo staff di Culturandes \u00e8 stato professio...\" \/>\n<meta name=\"robots\" content=\"noindex, follow, max-snippet:-1, max-image-preview:large, max-video-preview:-1\" \/>\n<meta property=\"og:locale\" content=\"es_ES\" \/>\n<meta property=\"og:type\" content=\"article\" \/>\n<meta property=\"og:title\" content=\"raffaella padula y francesco putignano\" \/>\n<meta property=\"og:description\" content=\"E&#039; stato un viaggio fantastico, il Per\u00f9 \u00e8 meraviglioso, tanti paesaggi diversi, cibo buonissimo, cultura unica. Lo staff di Culturandes \u00e8 stato professio...\" \/>\n<meta property=\"og:url\" content=\"https:\/\/www.culturandesperu.com\/es\/testimonios\/raffaella-padula-y-francesco-putignano-italia\/\" \/>\n<meta property=\"article:modified_time\" content=\"2018-02-09T04:18:49+00:00\" \/>\n<meta property=\"og:image\" content=\"https:\/\/www.reliando.es\/wp-content\/uploads\/2017\/10\/Raffaella-Padula-630.jpg\" \/>\n\t<meta property=\"og:image:width\" content=\"630\" \/>\n\t<meta property=\"og:image:height\" content=\"472\" \/>\n\t<meta property=\"og:image:type\" content=\"image\/jpeg\" \/>\n<meta name=\"twitter:card\" content=\"summary_large_image\" \/>\n<meta name=\"twitter:label1\" content=\"Est. reading time\" \/>\n\t<meta name=\"twitter:data1\" content=\"1 minute\" \/>\n<script type=\"application\/ld+json\" class=\"yoast-schema-graph\">{\"@context\":\"https:\/\/schema.org\",\"@graph\":[{\"@type\":\"WebPage\",\"@id\":\"https:\/\/www.culturandesperu.com\/es\/testimonios\/raffaella-padula-y-francesco-putignano-italia\/\",\"url\":\"https:\/\/www.culturandesperu.com\/es\/testimonios\/raffaella-padula-y-francesco-putignano-italia\/\",\"name\":\"raffaella padula y francesco putignano\",\"isPartOf\":{\"@id\":\"https:\/\/www.culturandesperu.com\/#website\"},\"datePublished\":\"2018-01-17T12:06:36+00:00\",\"dateModified\":\"2018-02-09T04:18:49+00:00\",\"description\":\"E' stato un viaggio fantastico, il Per\u00f9 \u00e8 meraviglioso, tanti paesaggi diversi, cibo buonissimo, cultura unica. Lo staff di Culturandes \u00e8 stato professio...\",\"breadcrumb\":{\"@id\":\"https:\/\/www.culturandesperu.com\/es\/testimonios\/raffaella-padula-y-francesco-putignano-italia\/#breadcrumb\"},\"inLanguage\":\"es-ES\",\"potentialAction\":[{\"@type\":\"ReadAction\",\"target\":[\"https:\/\/www.culturandesperu.com\/es\/testimonios\/raffaella-padula-y-francesco-putignano-italia\/\"]}]},{\"@type\":\"BreadcrumbList\",\"@id\":\"https:\/\/www.culturandesperu.com\/es\/testimonios\/raffaella-padula-y-francesco-putignano-italia\/#breadcrumb\",\"itemListElement\":[{\"@type\":\"ListItem\",\"position\":1,\"name\":\"Testimonios\",\"item\":\"https:\/\/www.culturandesperu.com\/es\/testimonios\/\"},{\"@type\":\"ListItem\",\"position\":2,\"name\":\"Raffaella Padula y Francesco Putignano &#8211; Italia\"}]},{\"@type\":\"WebSite\",\"@id\":\"https:\/\/www.culturandesperu.com\/#website\",\"url\":\"https:\/\/www.culturandesperu.com\/\",\"name\":\"\",\"description\":\"travel and tourism\",\"potentialAction\":[{\"@type\":\"SearchAction\",\"target\":{\"@type\":\"EntryPoint\",\"urlTemplate\":\"https:\/\/www.culturandesperu.com\/?s={search_term_string}\"},\"query-input\":\"required name=search_term_string\"}],\"inLanguage\":\"es-ES\"}]}<\/script>\n<!-- \/ Yoast SEO plugin. -->","yoast_head_json":{"title":"raffaella padula y francesco putignano","description":"E' stato un viaggio fantastico, il Per\u00f9 \u00e8 meraviglioso, tanti paesaggi diversi, cibo buonissimo, cultura unica. Lo staff di Culturandes \u00e8 stato professio...","robots":{"index":"noindex","follow":"follow","max-snippet":"max-snippet:-1","max-image-preview":"max-image-preview:large","max-video-preview":"max-video-preview:-1"},"og_locale":"es_ES","og_type":"article","og_title":"raffaella padula y francesco putignano","og_description":"E' stato un viaggio fantastico, il Per\u00f9 \u00e8 meraviglioso, tanti paesaggi diversi, cibo buonissimo, cultura unica. Lo staff di Culturandes \u00e8 stato professio...","og_url":"https:\/\/www.culturandesperu.com\/es\/testimonios\/raffaella-padula-y-francesco-putignano-italia\/","article_modified_time":"2018-02-09T04:18:49+00:00","og_image":[{"width":630,"height":472,"url":"https:\/\/www.reliando.es\/wp-content\/uploads\/2017\/10\/Raffaella-Padula-630.jpg","type":"image\/jpeg"}],"twitter_card":"summary_large_image","twitter_misc":{"Est. reading time":"1 minute"},"schema":{"@context":"https:\/\/schema.org","@graph":[{"@type":"WebPage","@id":"https:\/\/www.culturandesperu.com\/es\/testimonios\/raffaella-padula-y-francesco-putignano-italia\/","url":"https:\/\/www.culturandesperu.com\/es\/testimonios\/raffaella-padula-y-francesco-putignano-italia\/","name":"raffaella padula y francesco putignano","isPartOf":{"@id":"https:\/\/www.culturandesperu.com\/#website"},"datePublished":"2018-01-17T12:06:36+00:00","dateModified":"2018-02-09T04:18:49+00:00","description":"E' stato un viaggio fantastico, il Per\u00f9 \u00e8 meraviglioso, tanti paesaggi diversi, cibo buonissimo, cultura unica. Lo staff di Culturandes \u00e8 stato professio...","breadcrumb":{"@id":"https:\/\/www.culturandesperu.com\/es\/testimonios\/raffaella-padula-y-francesco-putignano-italia\/#breadcrumb"},"inLanguage":"es-ES","potentialAction":[{"@type":"ReadAction","target":["https:\/\/www.culturandesperu.com\/es\/testimonios\/raffaella-padula-y-francesco-putignano-italia\/"]}]},{"@type":"BreadcrumbList","@id":"https:\/\/www.culturandesperu.com\/es\/testimonios\/raffaella-padula-y-francesco-putignano-italia\/#breadcrumb","itemListElement":[{"@type":"ListItem","position":1,"name":"Testimonios","item":"https:\/\/www.culturandesperu.com\/es\/testimonios\/"},{"@type":"ListItem","position":2,"name":"Raffaella Padula y Francesco Putignano &#8211; Italia"}]},{"@type":"WebSite","@id":"https:\/\/www.culturandesperu.com\/#website","url":"https:\/\/www.culturandesperu.com\/","name":"","description":"travel and tourism","potentialAction":[{"@type":"SearchAction","target":{"@type":"EntryPoint","urlTemplate":"https:\/\/www.culturandesperu.com\/?s={search_term_string}"},"query-input":"required name=search_term_string"}],"inLanguage":"es-ES"}]}},"_links":{"self":[{"href":"https:\/\/www.culturandesperu.com\/es\/wp-json\/wp\/v2\/pages\/14828"}],"collection":[{"href":"https:\/\/www.culturandesperu.com\/es\/wp-json\/wp\/v2\/pages"}],"about":[{"href":"https:\/\/www.culturandesperu.com\/es\/wp-json\/wp\/v2\/types\/page"}],"author":[{"embeddable":true,"href":"https:\/\/www.culturandesperu.com\/es\/wp-json\/wp\/v2\/users\/2"}],"replies":[{"embeddable":true,"href":"https:\/\/www.culturandesperu.com\/es\/wp-json\/wp\/v2\/comments?post=14828"}],"version-history":[{"count":0,"href":"https:\/\/www.culturandesperu.com\/es\/wp-json\/wp\/v2\/pages\/14828\/revisions"}],"up":[{"embeddable":true,"href":"https:\/\/www.culturandesperu.com\/es\/wp-json\/wp\/v2\/pages\/14816"}],"wp:featuredmedia":[{"embeddable":true,"href":"https:\/\/www.culturandesperu.com\/es\/wp-json\/wp\/v2\/media\/9515"}],"wp:attachment":[{"href":"https:\/\/www.culturandesperu.com\/es\/wp-json\/wp\/v2\/media?parent=14828"}],"curies":[{"name":"wp","href":"https:\/\/api.w.org\/{rel}","templated":true}]}}