{"id":14829,"date":"2018-01-17T06:54:46","date_gmt":"2018-01-17T11:54:46","guid":{"rendered":"https:\/\/www.culturandesperu.com\/?page_id=14829"},"modified":"2018-02-08T23:19:43","modified_gmt":"2018-02-09T04:19:43","slug":"testimonio-1","status":"publish","type":"page","link":"https:\/\/www.culturandesperu.com\/es\/testimonios\/testimonio-1\/","title":{"rendered":"Roque M\u00e9ndez &#8211; M\u00e9xico"},"content":{"rendered":"[vc_row tz_row_type=&#8221;grid&#8221;][vc_column][vc_row_inner][vc_column_inner el_class=&#8221;tz-title-about&#8221; css=&#8221;.vc_custom_1498465264493{padding-right: 0px !important;padding-left: 0px !important;}&#8221;][vc_column_text css=&#8221;.vc_custom_1517726688404{margin-bottom: 21px !important;}&#8221;]\n<h2 style=\"text-align: center;\"><span class=\"ez-toc-section\" id=\"Roque_Mendez_-_Mexico\"><\/span>Roque M\u00e9ndez \u2013 M\u00e9xico<span class=\"ez-toc-section-end\"><\/span><\/h2>\n[\/vc_column_text][\/vc_column_inner][\/vc_row_inner][vc_row_inner css=&#8221;.vc_custom_1516017178605{margin-top: 39px !important;}&#8221;][vc_column_inner el_class=&#8221;tz-about-container&#8221; width=&#8221;2\/3&#8243; css=&#8221;.vc_custom_1516017302524{padding-right: 0px !important;padding-left: 0px !important;}&#8221;][vc_column_text]\n<p style=\"text-align: justify;\">Durante los \u00faltimos a\u00f1os he viajado varias veces a Per\u00fa, a este maravilloso y m\u00e1gico pa\u00eds sudamericano donde podr\u00e1s vivir la experiencia de una cultura viva que es la Inca, visitando sus monumentales sitios arqueol\u00f3gicos como Machu Pichu, Ollantaitambo, Sacsayhuaman o muchos otros a todo lo largo y ancho de su territorio, as\u00ed como deleitarte el paladar con su gastronom\u00eda que en los \u00faltimos a\u00f1os se ha convertido en uno de los destinos gastron\u00f3micos de Am\u00e9rica Latina, no podr\u00e1s perderte su famoso tiradito lime\u00f1o o su aj\u00ed de gallina.<\/p>\n<p style=\"text-align: justify;\">La aventura siempre est\u00e1 presente en Per\u00fa donde puedes hacer tanto un trekking por el camino Inca como visitar el ca\u00f1\u00f3n del Colca atravesando los incre\u00edbles Bofedales del Tocra hasta llegar al mirador del C\u00f3ndor en donde ser\u00e1 un espect\u00e1culo ver desde los 5,000 metros de altura el vuelo de estas aves, as\u00ed mismo un paseo por el lago Titicaca visitando las Islas flotantes de los indios Uros te har\u00e1 trasladarte no solo en el tiempo sino a una civilizaci\u00f3n completamente distinta. Pero toda esta experiencia solo la puedes vivir de la mano de CULTURANDES PERU, con quienes he tenido la mejor de las experiencias a travez de la organizaci\u00f3n de mis viajes, desde la compra de boletos de avi\u00f3n, trenes , buses y hoteles hasta los tours m\u00e1s rec\u00f3nditos por el Per\u00fa.<\/p>\n<p style=\"text-align: justify;\">Indudablemente quiero externar mi reconocimiento ante el profesionalismo, puntualidad y amabilidad de todo el personal de CULTURANDES PERU, sin omitir una menci\u00f3n especial para su directora Milagros Polo.<\/p>\n[\/vc_column_text][\/vc_column_inner][vc_column_inner width=&#8221;1\/3&#8243;][vc_single_image image=&#8221;5431&#8243; img_size=&#8221;&#8221; alignment=&#8221;center&#8221;][\/vc_column_inner][\/vc_row_inner][\/vc_column][\/vc_row]\n","protected":false},"excerpt":{"rendered":"<p>[vc_row tz_row_type=&#8221;grid&#8221;][vc_column][vc_row_inner][vc_column_inner el_class=&#8221;tz-title-about&#8221; css=&#8221;.vc_custom_1498465264493{padding-right: 0px !important;padding-left: 0px !important;}&#8221;][vc_column_text css=&#8221;.vc_custom_1517726688404{margin-bottom: 21px !important;}&#8221;] Roque M\u00e9ndez \u2013 M\u00e9xico [\/vc_column_text][\/vc_column_inner][\/vc_row_inner][vc_row_inner css=&#8221;.vc_custom_1516017178605{margin-top: 39px !important;}&#8221;][vc_column_inner el_class=&#8221;tz-about-container&#8221; width=&#8221;2\/3&#8243; css=&#8221;.vc_custom_1516017302524{padding-right: 0px !important;padding-left: 0px !important;}&#8221;][vc_column_text] Durante los \u00faltimos a\u00f1os he viajado varias veces a Per\u00fa, a este maravilloso y m\u00e1gico pa\u00eds sudamericano donde podr\u00e1s vivir la experiencia de una cultura viva que es la [&hellip;]<\/p>\n","protected":false},"author":2,"featured_media":5431,"parent":14816,"menu_order":0,"comment_status":"closed","ping_status":"closed","template":"","meta":[],"yoast_head":"<!-- This site is optimized with the Yoast SEO plugin v19.12 - https:\/\/yoast.com\/wordpress\/plugins\/seo\/ -->\n<title>Roque M\u00e9ndez - M\u00e9xico -<\/title>\n<meta name=\"robots\" content=\"noindex, follow, max-snippet:-1, max-image-preview:large, max-video-preview:-1\" \/>\n<meta property=\"og:locale\" content=\"es_ES\" \/>\n<meta property=\"og:type\" content=\"article\" \/>\n<meta property=\"og:title\" content=\"Roque M\u00e9ndez - M\u00e9xico -\" \/>\n<meta property=\"og:description\" content=\"[vc_row tz_row_type=&#8221;grid&#8221;][vc_column][vc_row_inner][vc_column_inner el_class=&#8221;tz-title-about&#8221; css=&#8221;.vc_custom_1498465264493{padding-right: 0px !important;padding-left: 0px !important;}&#8221;][vc_column_text css=&#8221;.vc_custom_1517726688404{margin-bottom: 21px !important;}&#8221;] Roque M\u00e9ndez \u2013 M\u00e9xico [\/vc_column_text][\/vc_column_inner][\/vc_row_inner][vc_row_inner css=&#8221;.vc_custom_1516017178605{margin-top: 39px !important;}&#8221;][vc_column_inner el_class=&#8221;tz-about-container&#8221; width=&#8221;2\/3&#8243; css=&#8221;.vc_custom_1516017302524{padding-right: 0px !important;padding-left: 0px !important;}&#8221;][vc_column_text] Durante los \u00faltimos a\u00f1os he viajado varias veces a Per\u00fa, a este maravilloso y m\u00e1gico pa\u00eds sudamericano donde podr\u00e1s vivir la experiencia de una cultura viva que es la [&hellip;]\" \/>\n<meta property=\"og:url\" content=\"https:\/\/www.culturandesperu.com\/es\/testimonios\/testimonio-1\/\" \/>\n<meta property=\"article:modified_time\" content=\"2018-02-09T04:19:43+00:00\" \/>\n<meta property=\"og:image\" content=\"https:\/\/www.reliando.es\/wp-content\/uploads\/2017\/01\/roque.jpg\" \/>\n\t<meta property=\"og:image:width\" content=\"500\" \/>\n\t<meta property=\"og:image:height\" content=\"500\" \/>\n\t<meta property=\"og:image:type\" content=\"image\/jpeg\" \/>\n<meta name=\"twitter:card\" content=\"summary_large_image\" \/>\n<meta name=\"twitter:label1\" content=\"Est. reading time\" \/>\n\t<meta name=\"twitter:data1\" content=\"2 minutes\" \/>\n<script type=\"application\/ld+json\" class=\"yoast-schema-graph\">{\"@context\":\"https:\/\/schema.org\",\"@graph\":[{\"@type\":\"WebPage\",\"@id\":\"https:\/\/www.culturandesperu.com\/es\/testimonios\/testimonio-1\/\",\"url\":\"https:\/\/www.culturandesperu.com\/es\/testimonios\/testimonio-1\/\",\"name\":\"Roque M\u00e9ndez - M\u00e9xico -\",\"isPartOf\":{\"@id\":\"https:\/\/www.culturandesperu.com\/#website\"},\"datePublished\":\"2018-01-17T11:54:46+00:00\",\"dateModified\":\"2018-02-09T04:19:43+00:00\",\"breadcrumb\":{\"@id\":\"https:\/\/www.culturandesperu.com\/es\/testimonios\/testimonio-1\/#breadcrumb\"},\"inLanguage\":\"es-ES\",\"potentialAction\":[{\"@type\":\"ReadAction\",\"target\":[\"https:\/\/www.culturandesperu.com\/es\/testimonios\/testimonio-1\/\"]}]},{\"@type\":\"BreadcrumbList\",\"@id\":\"https:\/\/www.culturandesperu.com\/es\/testimonios\/testimonio-1\/#breadcrumb\",\"itemListElement\":[{\"@type\":\"ListItem\",\"position\":1,\"name\":\"Testimonios\",\"item\":\"https:\/\/www.culturandesperu.com\/es\/testimonios\/\"},{\"@type\":\"ListItem\",\"position\":2,\"name\":\"Roque M\u00e9ndez &#8211; M\u00e9xico\"}]},{\"@type\":\"WebSite\",\"@id\":\"https:\/\/www.culturandesperu.com\/#website\",\"url\":\"https:\/\/www.culturandesperu.com\/\",\"name\":\"\",\"description\":\"travel and tourism\",\"potentialAction\":[{\"@type\":\"SearchAction\",\"target\":{\"@type\":\"EntryPoint\",\"urlTemplate\":\"https:\/\/www.culturandesperu.com\/?s={search_term_string}\"},\"query-input\":\"required name=search_term_string\"}],\"inLanguage\":\"es-ES\"}]}<\/script>\n<!-- \/ Yoast SEO plugin. -->","yoast_head_json":{"title":"Roque M\u00e9ndez - M\u00e9xico -","robots":{"index":"noindex","follow":"follow","max-snippet":"max-snippet:-1","max-image-preview":"max-image-preview:large","max-video-preview":"max-video-preview:-1"},"og_locale":"es_ES","og_type":"article","og_title":"Roque M\u00e9ndez - M\u00e9xico -","og_description":"[vc_row tz_row_type=&#8221;grid&#8221;][vc_column][vc_row_inner][vc_column_inner el_class=&#8221;tz-title-about&#8221; css=&#8221;.vc_custom_1498465264493{padding-right: 0px !important;padding-left: 0px !important;}&#8221;][vc_column_text css=&#8221;.vc_custom_1517726688404{margin-bottom: 21px !important;}&#8221;] Roque M\u00e9ndez \u2013 M\u00e9xico [\/vc_column_text][\/vc_column_inner][\/vc_row_inner][vc_row_inner css=&#8221;.vc_custom_1516017178605{margin-top: 39px !important;}&#8221;][vc_column_inner el_class=&#8221;tz-about-container&#8221; width=&#8221;2\/3&#8243; css=&#8221;.vc_custom_1516017302524{padding-right: 0px !important;padding-left: 0px !important;}&#8221;][vc_column_text] Durante los \u00faltimos a\u00f1os he viajado varias veces a Per\u00fa, a este maravilloso y m\u00e1gico pa\u00eds sudamericano donde podr\u00e1s vivir la experiencia de una cultura viva que es la [&hellip;]","og_url":"https:\/\/www.culturandesperu.com\/es\/testimonios\/testimonio-1\/","article_modified_time":"2018-02-09T04:19:43+00:00","og_image":[{"width":500,"height":500,"url":"https:\/\/www.reliando.es\/wp-content\/uploads\/2017\/01\/roque.jpg","type":"image\/jpeg"}],"twitter_card":"summary_large_image","twitter_misc":{"Est. reading time":"2 minutes"},"schema":{"@context":"https:\/\/schema.org","@graph":[{"@type":"WebPage","@id":"https:\/\/www.culturandesperu.com\/es\/testimonios\/testimonio-1\/","url":"https:\/\/www.culturandesperu.com\/es\/testimonios\/testimonio-1\/","name":"Roque M\u00e9ndez - M\u00e9xico -","isPartOf":{"@id":"https:\/\/www.culturandesperu.com\/#website"},"datePublished":"2018-01-17T11:54:46+00:00","dateModified":"2018-02-09T04:19:43+00:00","breadcrumb":{"@id":"https:\/\/www.culturandesperu.com\/es\/testimonios\/testimonio-1\/#breadcrumb"},"inLanguage":"es-ES","potentialAction":[{"@type":"ReadAction","target":["https:\/\/www.culturandesperu.com\/es\/testimonios\/testimonio-1\/"]}]},{"@type":"BreadcrumbList","@id":"https:\/\/www.culturandesperu.com\/es\/testimonios\/testimonio-1\/#breadcrumb","itemListElement":[{"@type":"ListItem","position":1,"name":"Testimonios","item":"https:\/\/www.culturandesperu.com\/es\/testimonios\/"},{"@type":"ListItem","position":2,"name":"Roque M\u00e9ndez &#8211; M\u00e9xico"}]},{"@type":"WebSite","@id":"https:\/\/www.culturandesperu.com\/#website","url":"https:\/\/www.culturandesperu.com\/","name":"","description":"travel and tourism","potentialAction":[{"@type":"SearchAction","target":{"@type":"EntryPoint","urlTemplate":"https:\/\/www.culturandesperu.com\/?s={search_term_string}"},"query-input":"required name=search_term_string"}],"inLanguage":"es-ES"}]}},"_links":{"self":[{"href":"https:\/\/www.culturandesperu.com\/es\/wp-json\/wp\/v2\/pages\/14829"}],"collection":[{"href":"https:\/\/www.culturandesperu.com\/es\/wp-json\/wp\/v2\/pages"}],"about":[{"href":"https:\/\/www.culturandesperu.com\/es\/wp-json\/wp\/v2\/types\/page"}],"author":[{"embeddable":true,"href":"https:\/\/www.culturandesperu.com\/es\/wp-json\/wp\/v2\/users\/2"}],"replies":[{"embeddable":true,"href":"https:\/\/www.culturandesperu.com\/es\/wp-json\/wp\/v2\/comments?post=14829"}],"version-history":[{"count":0,"href":"https:\/\/www.culturandesperu.com\/es\/wp-json\/wp\/v2\/pages\/14829\/revisions"}],"up":[{"embeddable":true,"href":"https:\/\/www.culturandesperu.com\/es\/wp-json\/wp\/v2\/pages\/14816"}],"wp:featuredmedia":[{"embeddable":true,"href":"https:\/\/www.culturandesperu.com\/es\/wp-json\/wp\/v2\/media\/5431"}],"wp:attachment":[{"href":"https:\/\/www.culturandesperu.com\/es\/wp-json\/wp\/v2\/media?parent=14829"}],"curies":[{"name":"wp","href":"https:\/\/api.w.org\/{rel}","templated":true}]}}